{"id":307,"date":"2024-02-14T02:35:21","date_gmt":"2024-02-14T01:35:21","guid":{"rendered":"https:\/\/bestgrillwood.eu\/zasady-ochrany-osobnich-udaju\/"},"modified":"2024-04-26T15:49:41","modified_gmt":"2024-04-26T13:49:41","slug":"zasady-ochrany-osobnich-udaju","status":"publish","type":"page","link":"https:\/\/bestgrillwood.eu\/cs\/zasady-ochrany-osobnich-udaju\/","title":{"rendered":"Z\u00e1sady ochrany osobn\u00edch \u00fadaj\u016f"},"content":{"rendered":"\n<h2 class=\"wp-block-heading\">Kdo jsme<\/h2>\n\n\n\n<p>Adresa na\u0161\u00ed webov\u00e9 str\u00e1nky je: http:\/\/bestgrillwood.eu.<\/p>\n\n\n\n<h2 class=\"wp-block-heading\">Koment\u00e1\u0159e<\/h2>\n\n\n\n<p>Kdy\u017e n\u00e1v\u0161t\u011bvn\u00edk str\u00e1nky zanech\u00e1 koment\u00e1\u0159, sb\u00edr\u00e1me data zobrazen\u00e1 ve formul\u00e1\u0159i pro koment\u00e1\u0159e, stejn\u011b jako IP adresu n\u00e1v\u0161t\u011bvn\u00edka a podpis jeho prohl\u00ed\u017ee\u010de jako pomoc p\u0159i detekci spamu.<\/p>\n\n\n\n<p>Anonymizovan\u00fd \u0159et\u011bzec vytvo\u0159en\u00fd z va\u0161\u00ed e-mailov\u00e9 adresy (tak\u00e9 naz\u00fdvan\u00fd hash) m\u016f\u017ee b\u00fdt odesl\u00e1n slu\u017eb\u011b Gravatar, aby se ov\u011b\u0159ilo, jestli je pou\u017e\u00edv\u00e1n. Z\u00e1sady ochrany osobn\u00edch \u00fadaj\u016f slu\u017eby Gravatar jsou k dispozici na adrese: <a href=\"https:\/\/automattic.com\/privacy\/\">https:\/\/automattic.com\/privacy\/<\/a>. Po schv\u00e1len\u00ed koment\u00e1\u0159e je v\u00e1\u0161 profilov\u00fd obr\u00e1zek ve\u0159ejn\u011b viditeln\u00fd v kontextu va\u0161eho koment\u00e1\u0159e.<\/p>\n\n\n\n<h2 class=\"wp-block-heading\">M\u00e9dia<\/h2>\n\n\n\n<p>Pokud jste registrovan\u00fd u\u017eivatel a nahr\u00e1v\u00e1te na str\u00e1nku obr\u00e1zky, m\u011bli byste se vyhnout odes\u00edl\u00e1n\u00ed obr\u00e1zk\u016f s EXIF tagy lokality. N\u00e1v\u0161t\u011bvn\u00edci str\u00e1nky mohou st\u00e1hnout a zjistit \u00fapln\u00e1 lokaliza\u010dn\u00ed data z obr\u00e1zk\u016f na str\u00e1nce.<\/p>\n\n\n\n<h2 class=\"wp-block-heading\">Cookies<\/h2>\n\n\n\n<p>Pokud na str\u00e1nce n\u011bco okomentujete, m\u016f\u017eete si vybrat mo\u017enost ulo\u017een\u00ed va\u0161eho jm\u00e9na, e-mailov\u00e9 adresy a webov\u00e9 str\u00e1nky v cookies, d\u00edky \u010demu\u017e budou tyto informace p\u0159i psan\u00ed dal\u0161\u00edch koment\u00e1\u0159\u016f automaticky dopln\u011bny. Cookies vypr\u0161\u00ed po roce.<\/p>\n\n\n\n<p>Pokud nav\u0161t\u00edv\u00edte str\u00e1nku pro p\u0159ihl\u00e1\u0161en\u00ed, vytvo\u0159\u00edme do\u010dasn\u00e9 cookie pro ov\u011b\u0159en\u00ed, zda v\u00e1\u0161 prohl\u00ed\u017ee\u010d akceptuje cookies. Toto cookie neobsahuje \u017e\u00e1dn\u00e1 osobn\u00ed data a bude odstran\u011bno, kdy\u017e prohl\u00ed\u017ee\u010d zav\u0159ete.<\/p>\n\n\n\n<p>P\u0159i p\u0159ihl\u00e1\u0161en\u00ed vytvo\u0159\u00edme n\u011bkolik dal\u0161\u00edch cookies pot\u0159ebn\u00fdch pro ulo\u017een\u00ed va\u0161ich p\u0159ihla\u0161ovac\u00edch informac\u00ed a vybran\u00fdch nastaven\u00ed obrazovky. P\u0159ihla\u0161ovac\u00ed cookies vypr\u0161\u00ed za dva dny a nastaven\u00ed obrazovky po roce. Pokud zvol\u00edte mo\u017enost \u201eZapamatovat si m\u011b\u201c, p\u0159ihl\u00e1\u0161en\u00ed vypr\u0161\u00ed po dvou t\u00fddnech. Pokud se odhl\u00e1s\u00edte z va\u0161eho \u00fa\u010dtu, p\u0159ihla\u0161ovac\u00ed cookies budou odstran\u011bny.<\/p>\n\n\n\n<p>Pokud uprav\u00edte nebo publikujete \u010dl\u00e1nek, v prohl\u00ed\u017ee\u010di se ulo\u017e\u00ed dal\u0161\u00ed cookie. Toto cookie neobsahuje \u017e\u00e1dn\u00e1 osobn\u00ed data, pouze ukazuje na identifik\u00e1tor pr\u00e1v\u011b upraven\u00e9ho \u010dl\u00e1nku. Vypr\u0161\u00ed za 1 den.<\/p>\n\n\n\n<h2 class=\"wp-block-heading\">Vlo\u017een\u00fd obsah z jin\u00fdch web\u016f<\/h2>\n\n\n\n<p>\u010cl\u00e1nky na t\u00e9to str\u00e1nce mohou obsahovat vlo\u017een\u00fd obsah (nap\u0159. videa, obr\u00e1zky, \u010dl\u00e1nky atd.). Vlo\u017een\u00fd obsah z jin\u00fdch web\u016f se chov\u00e1 stejn\u011b, jako byste nav\u0161t\u00edvili p\u0159\u00edmo dan\u00fd web.<\/p>\n\n\n\n<p>Weby mohou sb\u00edrat informace o v\u00e1s, pou\u017e\u00edvat cookies, p\u0159ipojovat dal\u0161\u00ed extern\u00ed sledovac\u00ed syst\u00e9my a monitorovat va\u0161e interakce s vlo\u017een\u00fdm materi\u00e1lem, v\u010detn\u011b sledov\u00e1n\u00ed va\u0161ich interakc\u00ed s vlo\u017een\u00fdm materi\u00e1lem, pokud m\u00e1te \u00fa\u010det a jste p\u0159ihl\u00e1\u0161eni na tomto webu.<\/p>\n\n\n\n<h2 class=\"wp-block-heading\">S k\u00fdm sd\u00edl\u00edme va\u0161e \u00fadaje<\/h2>\n\n\n\n<p>Pokud po\u017e\u00e1d\u00e1te o resetov\u00e1n\u00ed hesla, va\u0161e IP adresa bude p\u0159ipojena k odeslan\u00e9 zpr\u00e1v\u011b.<\/p>\n\n\n\n<h2 class=\"wp-block-heading\">Jak dlouho uchov\u00e1v\u00e1me va\u0161e \u00fadaje<\/h2>\n\n\n\n<p>Pokud zanech\u00e1te koment\u00e1\u0159, jeho obsah a metadata budou uchov\u00e1v\u00e1ny na neur\u010dito. To n\u00e1m umo\u017en\u00ed rozpozn\u00e1vat a schvalovat n\u00e1sleduj\u00edc\u00ed koment\u00e1\u0159e automaticky, bez nutnosti je pos\u00edlat k moderaci.<\/p>\n\n\n\n<p>Pro u\u017eivatele, kte\u0159\u00ed se zaregistrovali na na\u0161\u00ed webov\u00e9 str\u00e1nce (pokud n\u011bjac\u00ed jsou), uchov\u00e1v\u00e1me tak\u00e9 osobn\u00ed informace zadan\u00e9 ve va\u0161em profilu. Ka\u017ed\u00fd u\u017eivatel m\u016f\u017ee kdykoliv zkontrolovat, opravit nebo smazat sv\u00e9 osobn\u00ed informace (krom\u011b u\u017eivatelsk\u00e9ho jm\u00e9na, kter\u00e9 nelze zm\u011bnit). Administr\u00e1to\u0159i str\u00e1nky mohou tak\u00e9 prohl\u00ed\u017eet a upravovat tyto informace.<\/p>\n\n\n\n<h2 class=\"wp-block-heading\">Jak\u00e1 m\u00e1te pr\u00e1va ke sv\u00fdm \u00fadaj\u016fm<\/h2>\n\n\n\n<p>Pokud m\u00e1te \u00fa\u010det nebo jste p\u0159idali koment\u00e1\u0159e na t\u00e9to str\u00e1nce, m\u016f\u017eete po\u017e\u00e1dat o zasl\u00e1n\u00ed souboru s exportem v\u0161ech va\u0161ich osobn\u00edch \u00fadaj\u016f, kter\u00e9 m\u00e1me k dispozici, v\u010detn\u011b v\u0161eho, co jste n\u00e1m poskytli. M\u016f\u017eete tak\u00e9 po\u017e\u00e1dat o smaz\u00e1n\u00ed v\u0161ech va\u0161ich osobn\u00edch \u00fadaj\u016f, kter\u00e9 m\u00e1me k dispozici. To se nevztahuje na \u017e\u00e1dn\u00e9 \u00fadaje, kter\u00e9 jsme povinni uchov\u00e1vat z administrativn\u00edch, pr\u00e1vn\u00edch nebo bezpe\u010dnostn\u00edch d\u016fvod\u016f.<\/p>\n\n\n\n<h2 class=\"wp-block-heading\">Kam pos\u00edl\u00e1me va\u0161e \u00fadaje<\/h2>\n\n\n\n<p>Koment\u00e1\u0159e host\u016f mohou b\u00fdt kontrolov\u00e1ny pomoc\u00ed automatizovan\u00e9 slu\u017eby pro detekci spamu.<\/p>\n","protected":false},"excerpt":{"rendered":"<p>Kdo jsme Adresa na\u0161\u00ed webov\u00e9 str\u00e1nky je: http:\/\/bestgrillwood.eu. Koment\u00e1\u0159e Kdy\u017e n\u00e1v\u0161t\u011bvn\u00edk str\u00e1nky zanech\u00e1 koment\u00e1\u0159, sb\u00edr\u00e1me data zobrazen\u00e1 ve formul\u00e1\u0159i pro koment\u00e1\u0159e, stejn\u011b jako IP adresu n\u00e1v\u0161t\u011bvn\u00edka<span class=\"excerpt-hellip\"> [\u2026]<\/span><\/p>\n","protected":false},"author":1,"featured_media":0,"parent":0,"menu_order":0,"comment_status":"closed","ping_status":"closed","template":"","meta":{"_acf_changed":false,"_monsterinsights_skip_tracking":false,"_monsterinsights_sitenote_active":false,"_monsterinsights_sitenote_note":"","_monsterinsights_sitenote_category":0,"footnotes":""},"acf":[],"yoast_head":"<!-- This site is optimized with the Yoast SEO plugin v23.0 - https:\/\/yoast.com\/wordpress\/plugins\/seo\/ -->\n<title>Z\u00e1sady ochrany osobn\u00edch \u00fadaj\u016f - GRILLWOOD<\/title>\n<meta name=\"robots\" content=\"index, follow, max-snippet:-1, max-image-preview:large, max-video-preview:-1\" \/>\n<link rel=\"canonical\" href=\"https:\/\/bestgrillwood.eu\/cs\/zasady-ochrany-osobnich-udaju\/\" \/>\n<meta property=\"og:locale\" content=\"cs_CZ\" \/>\n<meta property=\"og:type\" content=\"article\" \/>\n<meta property=\"og:title\" content=\"Z\u00e1sady ochrany osobn\u00edch \u00fadaj\u016f - GRILLWOOD\" \/>\n<meta property=\"og:description\" content=\"Kdo jsme Adresa na\u0161\u00ed webov\u00e9 str\u00e1nky je: http:\/\/bestgrillwood.eu. Koment\u00e1\u0159e Kdy\u017e n\u00e1v\u0161t\u011bvn\u00edk str\u00e1nky zanech\u00e1 koment\u00e1\u0159, sb\u00edr\u00e1me data zobrazen\u00e1 ve formul\u00e1\u0159i pro koment\u00e1\u0159e, stejn\u011b jako IP adresu n\u00e1v\u0161t\u011bvn\u00edka [\u2026]\" \/>\n<meta property=\"og:url\" content=\"https:\/\/bestgrillwood.eu\/cs\/zasady-ochrany-osobnich-udaju\/\" \/>\n<meta property=\"og:site_name\" content=\"GRILLWOOD\" \/>\n<meta property=\"article:modified_time\" content=\"2024-04-26T13:49:41+00:00\" \/>\n<meta name=\"twitter:card\" content=\"summary_large_image\" \/>\n<meta name=\"twitter:label1\" content=\"Odhadovan\u00e1 doba \u010dten\u00ed\" \/>\n\t<meta name=\"twitter:data1\" content=\"4 minuty\" \/>\n<script type=\"application\/ld+json\" class=\"yoast-schema-graph\">{\"@context\":\"https:\/\/schema.org\",\"@graph\":[{\"@type\":\"WebPage\",\"@id\":\"https:\/\/bestgrillwood.eu\/cs\/zasady-ochrany-osobnich-udaju\/\",\"url\":\"https:\/\/bestgrillwood.eu\/cs\/zasady-ochrany-osobnich-udaju\/\",\"name\":\"Z\u00e1sady ochrany osobn\u00edch \u00fadaj\u016f - GRILLWOOD\",\"isPartOf\":{\"@id\":\"https:\/\/bestgrillwood.eu\/cs\/#website\"},\"datePublished\":\"2024-02-14T01:35:21+00:00\",\"dateModified\":\"2024-04-26T13:49:41+00:00\",\"breadcrumb\":{\"@id\":\"https:\/\/bestgrillwood.eu\/cs\/zasady-ochrany-osobnich-udaju\/#breadcrumb\"},\"inLanguage\":\"cs\",\"potentialAction\":[{\"@type\":\"ReadAction\",\"target\":[\"https:\/\/bestgrillwood.eu\/cs\/zasady-ochrany-osobnich-udaju\/\"]}]},{\"@type\":\"BreadcrumbList\",\"@id\":\"https:\/\/bestgrillwood.eu\/cs\/zasady-ochrany-osobnich-udaju\/#breadcrumb\",\"itemListElement\":[{\"@type\":\"ListItem\",\"position\":1,\"name\":\"Strona g\u0142\u00f3wna\",\"item\":\"https:\/\/bestgrillwood.eu\/cs\/\"},{\"@type\":\"ListItem\",\"position\":2,\"name\":\"Z\u00e1sady ochrany osobn\u00edch \u00fadaj\u016f\"}]},{\"@type\":\"WebSite\",\"@id\":\"https:\/\/bestgrillwood.eu\/cs\/#website\",\"url\":\"https:\/\/bestgrillwood.eu\/cs\/\",\"name\":\"GRILLWOOD\",\"description\":\"\",\"potentialAction\":[{\"@type\":\"SearchAction\",\"target\":{\"@type\":\"EntryPoint\",\"urlTemplate\":\"https:\/\/bestgrillwood.eu\/cs\/?s={search_term_string}\"},\"query-input\":\"required name=search_term_string\"}],\"inLanguage\":\"cs\"}]}<\/script>\n<!-- \/ Yoast SEO plugin. -->","yoast_head_json":{"title":"Z\u00e1sady ochrany osobn\u00edch \u00fadaj\u016f - GRILLWOOD","robots":{"index":"index","follow":"follow","max-snippet":"max-snippet:-1","max-image-preview":"max-image-preview:large","max-video-preview":"max-video-preview:-1"},"canonical":"https:\/\/bestgrillwood.eu\/cs\/zasady-ochrany-osobnich-udaju\/","og_locale":"cs_CZ","og_type":"article","og_title":"Z\u00e1sady ochrany osobn\u00edch \u00fadaj\u016f - GRILLWOOD","og_description":"Kdo jsme Adresa na\u0161\u00ed webov\u00e9 str\u00e1nky je: http:\/\/bestgrillwood.eu. Koment\u00e1\u0159e Kdy\u017e n\u00e1v\u0161t\u011bvn\u00edk str\u00e1nky zanech\u00e1 koment\u00e1\u0159, sb\u00edr\u00e1me data zobrazen\u00e1 ve formul\u00e1\u0159i pro koment\u00e1\u0159e, stejn\u011b jako IP adresu n\u00e1v\u0161t\u011bvn\u00edka [\u2026]","og_url":"https:\/\/bestgrillwood.eu\/cs\/zasady-ochrany-osobnich-udaju\/","og_site_name":"GRILLWOOD","article_modified_time":"2024-04-26T13:49:41+00:00","twitter_card":"summary_large_image","twitter_misc":{"Odhadovan\u00e1 doba \u010dten\u00ed":"4 minuty"},"schema":{"@context":"https:\/\/schema.org","@graph":[{"@type":"WebPage","@id":"https:\/\/bestgrillwood.eu\/cs\/zasady-ochrany-osobnich-udaju\/","url":"https:\/\/bestgrillwood.eu\/cs\/zasady-ochrany-osobnich-udaju\/","name":"Z\u00e1sady ochrany osobn\u00edch \u00fadaj\u016f - GRILLWOOD","isPartOf":{"@id":"https:\/\/bestgrillwood.eu\/cs\/#website"},"datePublished":"2024-02-14T01:35:21+00:00","dateModified":"2024-04-26T13:49:41+00:00","breadcrumb":{"@id":"https:\/\/bestgrillwood.eu\/cs\/zasady-ochrany-osobnich-udaju\/#breadcrumb"},"inLanguage":"cs","potentialAction":[{"@type":"ReadAction","target":["https:\/\/bestgrillwood.eu\/cs\/zasady-ochrany-osobnich-udaju\/"]}]},{"@type":"BreadcrumbList","@id":"https:\/\/bestgrillwood.eu\/cs\/zasady-ochrany-osobnich-udaju\/#breadcrumb","itemListElement":[{"@type":"ListItem","position":1,"name":"Strona g\u0142\u00f3wna","item":"https:\/\/bestgrillwood.eu\/cs\/"},{"@type":"ListItem","position":2,"name":"Z\u00e1sady ochrany osobn\u00edch \u00fadaj\u016f"}]},{"@type":"WebSite","@id":"https:\/\/bestgrillwood.eu\/cs\/#website","url":"https:\/\/bestgrillwood.eu\/cs\/","name":"GRILLWOOD","description":"","potentialAction":[{"@type":"SearchAction","target":{"@type":"EntryPoint","urlTemplate":"https:\/\/bestgrillwood.eu\/cs\/?s={search_term_string}"},"query-input":"required name=search_term_string"}],"inLanguage":"cs"}]}},"_links":{"self":[{"href":"https:\/\/bestgrillwood.eu\/cs\/wp-json\/wp\/v2\/pages\/307"}],"collection":[{"href":"https:\/\/bestgrillwood.eu\/cs\/wp-json\/wp\/v2\/pages"}],"about":[{"href":"https:\/\/bestgrillwood.eu\/cs\/wp-json\/wp\/v2\/types\/page"}],"author":[{"embeddable":true,"href":"https:\/\/bestgrillwood.eu\/cs\/wp-json\/wp\/v2\/users\/1"}],"replies":[{"embeddable":true,"href":"https:\/\/bestgrillwood.eu\/cs\/wp-json\/wp\/v2\/comments?post=307"}],"version-history":[{"count":3,"href":"https:\/\/bestgrillwood.eu\/cs\/wp-json\/wp\/v2\/pages\/307\/revisions"}],"predecessor-version":[{"id":476,"href":"https:\/\/bestgrillwood.eu\/cs\/wp-json\/wp\/v2\/pages\/307\/revisions\/476"}],"wp:attachment":[{"href":"https:\/\/bestgrillwood.eu\/cs\/wp-json\/wp\/v2\/media?parent=307"}],"curies":[{"name":"wp","href":"https:\/\/api.w.org\/{rel}","templated":true}]}}