{"id":383,"date":"2024-04-10T14:05:46","date_gmt":"2024-04-10T12:05:46","guid":{"rendered":"https:\/\/bestgrillwood.eu\/produkty\/drevene-uhli\/"},"modified":"2024-04-23T01:35:14","modified_gmt":"2024-04-22T23:35:14","slug":"drevene-uhli","status":"publish","type":"page","link":"https:\/\/bestgrillwood.eu\/cs\/produkty\/drevene-uhli\/","title":{"rendered":"D\u0159ev\u011bn\u00e9 Uhl\u00ed"},"content":{"rendered":"","protected":false},"excerpt":{"rendered":"","protected":false},"author":1,"featured_media":0,"parent":286,"menu_order":0,"comment_status":"closed","ping_status":"closed","template":"","meta":{"_acf_changed":false,"_monsterinsights_skip_tracking":false,"_monsterinsights_sitenote_active":false,"_monsterinsights_sitenote_note":"","_monsterinsights_sitenote_category":0,"footnotes":""},"acf":[],"yoast_head":"<!-- This site is optimized with the Yoast SEO plugin v23.0 - https:\/\/yoast.com\/wordpress\/plugins\/seo\/ -->\n<title>D\u0159ev\u011bn\u00e9 Uhl\u00ed - GRILLWOOD<\/title>\n<meta name=\"robots\" content=\"index, follow, max-snippet:-1, max-image-preview:large, max-video-preview:-1\" \/>\n<link rel=\"canonical\" href=\"https:\/\/bestgrillwood.eu\/cs\/produkty\/drevene-uhli\/\" \/>\n<meta property=\"og:locale\" content=\"cs_CZ\" \/>\n<meta property=\"og:type\" content=\"article\" \/>\n<meta property=\"og:title\" content=\"D\u0159ev\u011bn\u00e9 Uhl\u00ed - GRILLWOOD\" \/>\n<meta property=\"og:url\" content=\"https:\/\/bestgrillwood.eu\/cs\/produkty\/drevene-uhli\/\" \/>\n<meta property=\"og:site_name\" content=\"GRILLWOOD\" \/>\n<meta property=\"article:modified_time\" content=\"2024-04-22T23:35:14+00:00\" \/>\n<meta name=\"twitter:card\" content=\"summary_large_image\" \/>\n<script type=\"application\/ld+json\" class=\"yoast-schema-graph\">{\"@context\":\"https:\/\/schema.org\",\"@graph\":[{\"@type\":\"WebPage\",\"@id\":\"https:\/\/bestgrillwood.eu\/cs\/produkty\/drevene-uhli\/\",\"url\":\"https:\/\/bestgrillwood.eu\/cs\/produkty\/drevene-uhli\/\",\"name\":\"D\u0159ev\u011bn\u00e9 Uhl\u00ed - GRILLWOOD\",\"isPartOf\":{\"@id\":\"https:\/\/bestgrillwood.eu\/cs\/#website\"},\"datePublished\":\"2024-04-10T12:05:46+00:00\",\"dateModified\":\"2024-04-22T23:35:14+00:00\",\"breadcrumb\":{\"@id\":\"https:\/\/bestgrillwood.eu\/cs\/produkty\/drevene-uhli\/#breadcrumb\"},\"inLanguage\":\"cs\",\"potentialAction\":[{\"@type\":\"ReadAction\",\"target\":[\"https:\/\/bestgrillwood.eu\/cs\/produkty\/drevene-uhli\/\"]}]},{\"@type\":\"BreadcrumbList\",\"@id\":\"https:\/\/bestgrillwood.eu\/cs\/produkty\/drevene-uhli\/#breadcrumb\",\"itemListElement\":[{\"@type\":\"ListItem\",\"position\":1,\"name\":\"Strona g\u0142\u00f3wna\",\"item\":\"https:\/\/bestgrillwood.eu\/cs\/\"},{\"@type\":\"ListItem\",\"position\":2,\"name\":\"Produkty\",\"item\":\"https:\/\/bestgrillwood.eu\/cs\/produkty\/\"},{\"@type\":\"ListItem\",\"position\":3,\"name\":\"D\u0159ev\u011bn\u00e9 Uhl\u00ed\"}]},{\"@type\":\"WebSite\",\"@id\":\"https:\/\/bestgrillwood.eu\/cs\/#website\",\"url\":\"https:\/\/bestgrillwood.eu\/cs\/\",\"name\":\"GRILLWOOD\",\"description\":\"\",\"potentialAction\":[{\"@type\":\"SearchAction\",\"target\":{\"@type\":\"EntryPoint\",\"urlTemplate\":\"https:\/\/bestgrillwood.eu\/cs\/?s={search_term_string}\"},\"query-input\":\"required name=search_term_string\"}],\"inLanguage\":\"cs\"}]}<\/script>\n<!-- \/ Yoast SEO plugin. -->","yoast_head_json":{"title":"D\u0159ev\u011bn\u00e9 Uhl\u00ed - GRILLWOOD","robots":{"index":"index","follow":"follow","max-snippet":"max-snippet:-1","max-image-preview":"max-image-preview:large","max-video-preview":"max-video-preview:-1"},"canonical":"https:\/\/bestgrillwood.eu\/cs\/produkty\/drevene-uhli\/","og_locale":"cs_CZ","og_type":"article","og_title":"D\u0159ev\u011bn\u00e9 Uhl\u00ed - GRILLWOOD","og_url":"https:\/\/bestgrillwood.eu\/cs\/produkty\/drevene-uhli\/","og_site_name":"GRILLWOOD","article_modified_time":"2024-04-22T23:35:14+00:00","twitter_card":"summary_large_image","schema":{"@context":"https:\/\/schema.org","@graph":[{"@type":"WebPage","@id":"https:\/\/bestgrillwood.eu\/cs\/produkty\/drevene-uhli\/","url":"https:\/\/bestgrillwood.eu\/cs\/produkty\/drevene-uhli\/","name":"D\u0159ev\u011bn\u00e9 Uhl\u00ed - GRILLWOOD","isPartOf":{"@id":"https:\/\/bestgrillwood.eu\/cs\/#website"},"datePublished":"2024-04-10T12:05:46+00:00","dateModified":"2024-04-22T23:35:14+00:00","breadcrumb":{"@id":"https:\/\/bestgrillwood.eu\/cs\/produkty\/drevene-uhli\/#breadcrumb"},"inLanguage":"cs","potentialAction":[{"@type":"ReadAction","target":["https:\/\/bestgrillwood.eu\/cs\/produkty\/drevene-uhli\/"]}]},{"@type":"BreadcrumbList","@id":"https:\/\/bestgrillwood.eu\/cs\/produkty\/drevene-uhli\/#breadcrumb","itemListElement":[{"@type":"ListItem","position":1,"name":"Strona g\u0142\u00f3wna","item":"https:\/\/bestgrillwood.eu\/cs\/"},{"@type":"ListItem","position":2,"name":"Produkty","item":"https:\/\/bestgrillwood.eu\/cs\/produkty\/"},{"@type":"ListItem","position":3,"name":"D\u0159ev\u011bn\u00e9 Uhl\u00ed"}]},{"@type":"WebSite","@id":"https:\/\/bestgrillwood.eu\/cs\/#website","url":"https:\/\/bestgrillwood.eu\/cs\/","name":"GRILLWOOD","description":"","potentialAction":[{"@type":"SearchAction","target":{"@type":"EntryPoint","urlTemplate":"https:\/\/bestgrillwood.eu\/cs\/?s={search_term_string}"},"query-input":"required name=search_term_string"}],"inLanguage":"cs"}]}},"_links":{"self":[{"href":"https:\/\/bestgrillwood.eu\/cs\/wp-json\/wp\/v2\/pages\/383"}],"collection":[{"href":"https:\/\/bestgrillwood.eu\/cs\/wp-json\/wp\/v2\/pages"}],"about":[{"href":"https:\/\/bestgrillwood.eu\/cs\/wp-json\/wp\/v2\/types\/page"}],"author":[{"embeddable":true,"href":"https:\/\/bestgrillwood.eu\/cs\/wp-json\/wp\/v2\/users\/1"}],"replies":[{"embeddable":true,"href":"https:\/\/bestgrillwood.eu\/cs\/wp-json\/wp\/v2\/comments?post=383"}],"version-history":[{"count":2,"href":"https:\/\/bestgrillwood.eu\/cs\/wp-json\/wp\/v2\/pages\/383\/revisions"}],"predecessor-version":[{"id":400,"href":"https:\/\/bestgrillwood.eu\/cs\/wp-json\/wp\/v2\/pages\/383\/revisions\/400"}],"up":[{"embeddable":true,"href":"https:\/\/bestgrillwood.eu\/cs\/wp-json\/wp\/v2\/pages\/286"}],"wp:attachment":[{"href":"https:\/\/bestgrillwood.eu\/cs\/wp-json\/wp\/v2\/media?parent=383"}],"curies":[{"name":"wp","href":"https:\/\/api.w.org\/{rel}","templated":true}]}}