{"id":434,"date":"2024-02-14T02:35:21","date_gmt":"2024-02-14T01:35:21","guid":{"rendered":"https:\/\/bestgrillwood.eu\/zasady-ochrany-osobnych-udajov\/"},"modified":"2024-04-26T15:58:07","modified_gmt":"2024-04-26T13:58:07","slug":"zasady-ochrany-osobnych-udajov","status":"publish","type":"page","link":"https:\/\/bestgrillwood.eu\/sk\/zasady-ochrany-osobnych-udajov\/","title":{"rendered":"Z\u00e1sady ochrany osobn\u00fdch \u00fadajov"},"content":{"rendered":"\n<h2 class=\"wp-block-heading\">Kto sme<\/h2>\n\n\n\n<p>Adresa na\u0161ej webovej str\u00e1nky je: http:\/\/bestgrillwood.eu.<\/p>\n\n\n\n<h2 class=\"wp-block-heading\">Koment\u00e1re<\/h2>\n\n\n\n<p>Ke\u010f n\u00e1v\u0161tevn\u00edk str\u00e1nky zanech\u00e1 koment\u00e1r, zbierame \u00fadaje zobrazen\u00e9 vo formul\u00e1ri pre koment\u00e1re, ako aj IP adresu n\u00e1v\u0161tevn\u00edka a podpis jeho prehliada\u010da ako pomoc pri detekcii spamu.<\/p>\n\n\n\n<p>Anonymizovan\u00fd re\u0165azec vytvoren\u00fd z va\u0161ej e-mailovej adresy (tie\u017e naz\u00fdvan\u00fd hash) m\u00f4\u017ee by\u0165 odoslan\u00fd do slu\u017eby Gravatar na overenie, \u010di je pou\u017e\u00edvan\u00fd. Politika ochrany osobn\u00fdch \u00fadajov slu\u017eby Gravatar je dostupn\u00e1 na adrese: https:\/\/automattic.com\/privacy\/. Po schv\u00e1len\u00ed koment\u00e1ra je v\u00e1\u0161 profilov\u00fd obr\u00e1zok verejne vidite\u013en\u00fd v kontexte v\u00e1\u0161ho koment\u00e1ra.<\/p>\n\n\n\n<h2 class=\"wp-block-heading\">M\u00e9di\u00e1<\/h2>\n\n\n\n<p>Ak ste zaregistrovan\u00fd u\u017e\u00edvate\u013e a na str\u00e1nku nahr\u00e1vate obr\u00e1zky, mali by ste sa vyhn\u00fa\u0165 odosielaniu obr\u00e1zkov s EXIF zna\u010dkami lokality. N\u00e1v\u0161tevn\u00edci str\u00e1nky m\u00f4\u017eu stiahnu\u0165 a pre\u010d\u00edta\u0165 \u00fapln\u00e9 lok\u00e1ln\u00e9 \u00fadaje z obr\u00e1zkov na str\u00e1nke.<\/p>\n\n\n\n<h2 class=\"wp-block-heading\">Cookies<\/h2>\n\n\n\n<p>Ak na str\u00e1nke nie\u010do okomentujete, bude mo\u017en\u00e9 zvoli\u0165 si mo\u017enos\u0165 ulo\u017eenia v\u00e1\u0161ho mena, e-mailovej adresy a webovej str\u00e1nky v cookies, v\u010faka \u010domu bud\u00fa tieto inform\u00e1cie pri p\u00edsan\u00ed \u010fal\u0161\u00edch koment\u00e1rov u\u017e vhodne doplnen\u00e9. Cookies vypr\u0161ia po roku.<\/p>\n\n\n\n<p>Ak nav\u0161t\u00edvite str\u00e1nku pre prihl\u00e1senie, vytvor\u00edme do\u010dasn\u00e9 cookie na \u00fa\u010dely overenia, \u010di v\u00e1\u0161 prehliada\u010d akceptuje cookies. Toto cookie neobsahuje \u017eiadne osobn\u00e9 \u00fadaje a bude odstr\u00e1nen\u00e9, ke\u010f prehliada\u010d zatvor\u00edte.<\/p>\n\n\n\n<p>Po\u010das prihlasovania vytvor\u00edme nieko\u013eko \u010fal\u0161\u00edch cookies potrebn\u00fdch na ulo\u017eenie va\u0161ich prihlasovac\u00edch inform\u00e1ci\u00ed a vybran\u00fdch mo\u017enost\u00ed obrazovky. Prihlasovacie cookies vypr\u0161ia za dva dni a mo\u017enosti obrazovky po roku. Ak ozna\u010d\u00edte mo\u017enos\u0165 \u201eZapam\u00e4ta\u0165 si ma\u201c, prihl\u00e1senie vypr\u0161\u00ed po dvoch t\u00fd\u017ed\u0148och. Ak sa odhl\u00e1site zo svojho \u00fa\u010dtu, prihlasovacie cookies bud\u00fa odstr\u00e1nen\u00e9.<\/p>\n\n\n\n<p>Ak uprav\u00edte alebo publikujete \u010dl\u00e1nok, v prehliada\u010di sa ulo\u017e\u00ed \u010fal\u0161ie cookie. Toto cookie neobsahuje \u017eiadne osobn\u00e9 \u00fadaje, iba ukazuje na identifik\u00e1tor pr\u00e1ve upraven\u00e9ho \u010dl\u00e1nku. Vypr\u0161\u00ed za 1 de\u0148.<\/p>\n\n\n\n<h2 class=\"wp-block-heading\">Vlo\u017een\u00fd obsah z in\u00fdch webov<\/h2>\n\n\n\n<p>\u010cl\u00e1nky na tejto str\u00e1nke m\u00f4\u017eu obsahova\u0165 vlo\u017een\u00fd obsah (napr. vide\u00e1, obr\u00e1zky, \u010dl\u00e1nky at\u010f.). Vlo\u017een\u00fd obsah z in\u00fdch webov sa spr\u00e1va rovnako, ako keby ste nav\u0161t\u00edvili priamo konkr\u00e9tnu str\u00e1nku.<\/p>\n\n\n\n<p>Weby m\u00f4\u017eu zbiera\u0165 inform\u00e1cie o v\u00e1s, pou\u017e\u00edva\u0165 cookies, prip\u00e1ja\u0165 \u010fal\u0161ie, extern\u00e9 sledovacie syst\u00e9my a monitorova\u0165 va\u0161e interakcie s vlo\u017een\u00fdm materi\u00e1lom, vr\u00e1tane sledovania va\u0161ich interakci\u00ed s vlo\u017een\u00fdm materi\u00e1lom, ak m\u00e1te \u00fa\u010det a ste prihl\u00e1sen\u00fd na tom webe.<\/p>\n\n\n\n<h2 class=\"wp-block-heading\">S k\u00fdm sa del\u00edme o \u00fadaje<\/h2>\n\n\n\n<p>Ak po\u017eiadate o resetovanie hesla, va\u0161a IP adresa bude pripojen\u00e1 k odoslanej spr\u00e1ve.<\/p>\n\n\n\n<h2 class=\"wp-block-heading\">Ako dlho uchov\u00e1vame va\u0161e \u00fadaje<\/h2>\n\n\n\n<p>Ak zanech\u00e1te koment\u00e1r, jeho obsah a metadata bud\u00fa uchov\u00e1van\u00e9 na neur\u010dito. T\u00fdmto sp\u00f4sobom sme schopn\u00ed rozpozn\u00e1va\u0165 a schva\u013eova\u0165 nasleduj\u00face koment\u00e1re automaticky, bez posielania ich na ka\u017edodenn\u00fa moder\u00e1ciu.<\/p>\n\n\n\n<p>Pre u\u017e\u00edvate\u013eov, ktor\u00ed sa zaregistrovali na na\u0161ej webovej str\u00e1nke (ak tak\u00ed s\u00fa), uchov\u00e1vame tie\u017e osobn\u00e9 inform\u00e1cie zadan\u00e9 v profile. Ka\u017ed\u00fd u\u017e\u00edvate\u013e m\u00f4\u017ee kedyko\u013evek skontrolova\u0165, opravi\u0165 alebo odstr\u00e1ni\u0165 svoje osobn\u00e9 inform\u00e1cie (okrem u\u017e\u00edvate\u013esk\u00e9ho mena, ktor\u00e9 nie je mo\u017en\u00e9 zmeni\u0165). Administr\u00e1tori str\u00e1nky m\u00f4\u017eu tie\u017e prezera\u0165 a upravova\u0165 tieto inform\u00e1cie.<\/p>\n\n\n\n<h2 class=\"wp-block-heading\">Ak\u00e9 m\u00e1te pr\u00e1va k svojim \u00fadajom<\/h2>\n\n\n\n<p>Ak m\u00e1te \u00fa\u010det alebo ste pridali koment\u00e1re na tejto str\u00e1nke, m\u00f4\u017eete po\u017eiada\u0165 o zaslanie s\u00faboru s exportovan\u00fdm s\u00faborom va\u0161ich osobn\u00fdch \u00fadajov, ktor\u00e9 m\u00e1me k dispoz\u00edcii, vr\u00e1tane v\u0161etk\u00e9ho, \u010do ste n\u00e1m poskytli. M\u00f4\u017eete tie\u017e po\u017eiada\u0165 o odstr\u00e1nenie v\u0161etk\u00fdch va\u0161ich osobn\u00fdch \u00fadajov, ktor\u00e9 m\u00e1me k dispoz\u00edcii. To sa nevz\u0165ahuje na \u017eiadne \u00fadaje, ktor\u00e9 sme povinn\u00ed uchov\u00e1va\u0165 z administrat\u00edvnych, pr\u00e1vnych alebo bezpe\u010dnostn\u00fdch d\u00f4vodov.<\/p>\n\n\n\n<h2 class=\"wp-block-heading\">Kam po\u0161leme va\u0161e \u00fadaje<\/h2>\n\n\n\n<p>Koment\u00e1re host\u00ed m\u00f4\u017eu by\u0165 kontrolovan\u00e9 pomocou automatizovanej slu\u017eby na detekciu spamu.<\/p>\n","protected":false},"excerpt":{"rendered":"<p>Kto sme Adresa na\u0161ej webovej str\u00e1nky je: http:\/\/bestgrillwood.eu. Koment\u00e1re Ke\u010f n\u00e1v\u0161tevn\u00edk str\u00e1nky zanech\u00e1 koment\u00e1r, zbierame \u00fadaje zobrazen\u00e9 vo formul\u00e1ri pre koment\u00e1re, ako aj IP adresu n\u00e1v\u0161tevn\u00edka<span class=\"excerpt-hellip\"> [\u2026]<\/span><\/p>\n","protected":false},"author":1,"featured_media":0,"parent":0,"menu_order":0,"comment_status":"closed","ping_status":"closed","template":"","meta":{"_acf_changed":false,"_monsterinsights_skip_tracking":false,"_monsterinsights_sitenote_active":false,"_monsterinsights_sitenote_note":"","_monsterinsights_sitenote_category":0,"footnotes":""},"acf":[],"yoast_head":"<!-- This site is optimized with the Yoast SEO plugin v23.0 - https:\/\/yoast.com\/wordpress\/plugins\/seo\/ -->\n<title>Z\u00e1sady ochrany osobn\u00fdch \u00fadajov - GRILLWOOD<\/title>\n<meta name=\"robots\" content=\"index, follow, max-snippet:-1, max-image-preview:large, max-video-preview:-1\" \/>\n<link rel=\"canonical\" href=\"https:\/\/bestgrillwood.eu\/sk\/zasady-ochrany-osobnych-udajov\/\" \/>\n<meta property=\"og:locale\" content=\"sk_SK\" \/>\n<meta property=\"og:type\" content=\"article\" \/>\n<meta property=\"og:title\" content=\"Z\u00e1sady ochrany osobn\u00fdch \u00fadajov - GRILLWOOD\" \/>\n<meta property=\"og:description\" content=\"Kto sme Adresa na\u0161ej webovej str\u00e1nky je: http:\/\/bestgrillwood.eu. Koment\u00e1re Ke\u010f n\u00e1v\u0161tevn\u00edk str\u00e1nky zanech\u00e1 koment\u00e1r, zbierame \u00fadaje zobrazen\u00e9 vo formul\u00e1ri pre koment\u00e1re, ako aj IP adresu n\u00e1v\u0161tevn\u00edka [\u2026]\" \/>\n<meta property=\"og:url\" content=\"https:\/\/bestgrillwood.eu\/sk\/zasady-ochrany-osobnych-udajov\/\" \/>\n<meta property=\"og:site_name\" content=\"GRILLWOOD\" \/>\n<meta property=\"article:modified_time\" content=\"2024-04-26T13:58:07+00:00\" \/>\n<meta name=\"twitter:card\" content=\"summary_large_image\" \/>\n<meta name=\"twitter:label1\" content=\"Predpokladan\u00fd \u010das \u010d\u00edtania\" \/>\n\t<meta name=\"twitter:data1\" content=\"4 min\u00faty\" \/>\n<script type=\"application\/ld+json\" class=\"yoast-schema-graph\">{\"@context\":\"https:\/\/schema.org\",\"@graph\":[{\"@type\":\"WebPage\",\"@id\":\"https:\/\/bestgrillwood.eu\/sk\/zasady-ochrany-osobnych-udajov\/\",\"url\":\"https:\/\/bestgrillwood.eu\/sk\/zasady-ochrany-osobnych-udajov\/\",\"name\":\"Z\u00e1sady ochrany osobn\u00fdch \u00fadajov - GRILLWOOD\",\"isPartOf\":{\"@id\":\"https:\/\/bestgrillwood.eu\/sk\/#website\"},\"datePublished\":\"2024-02-14T01:35:21+00:00\",\"dateModified\":\"2024-04-26T13:58:07+00:00\",\"breadcrumb\":{\"@id\":\"https:\/\/bestgrillwood.eu\/sk\/zasady-ochrany-osobnych-udajov\/#breadcrumb\"},\"inLanguage\":\"sk-SK\",\"potentialAction\":[{\"@type\":\"ReadAction\",\"target\":[\"https:\/\/bestgrillwood.eu\/sk\/zasady-ochrany-osobnych-udajov\/\"]}]},{\"@type\":\"BreadcrumbList\",\"@id\":\"https:\/\/bestgrillwood.eu\/sk\/zasady-ochrany-osobnych-udajov\/#breadcrumb\",\"itemListElement\":[{\"@type\":\"ListItem\",\"position\":1,\"name\":\"Strona g\u0142\u00f3wna\",\"item\":\"https:\/\/bestgrillwood.eu\/sk\/\"},{\"@type\":\"ListItem\",\"position\":2,\"name\":\"Z\u00e1sady ochrany osobn\u00fdch \u00fadajov\"}]},{\"@type\":\"WebSite\",\"@id\":\"https:\/\/bestgrillwood.eu\/sk\/#website\",\"url\":\"https:\/\/bestgrillwood.eu\/sk\/\",\"name\":\"GRILLWOOD\",\"description\":\"\",\"potentialAction\":[{\"@type\":\"SearchAction\",\"target\":{\"@type\":\"EntryPoint\",\"urlTemplate\":\"https:\/\/bestgrillwood.eu\/sk\/?s={search_term_string}\"},\"query-input\":\"required name=search_term_string\"}],\"inLanguage\":\"sk-SK\"}]}<\/script>\n<!-- \/ Yoast SEO plugin. -->","yoast_head_json":{"title":"Z\u00e1sady ochrany osobn\u00fdch \u00fadajov - GRILLWOOD","robots":{"index":"index","follow":"follow","max-snippet":"max-snippet:-1","max-image-preview":"max-image-preview:large","max-video-preview":"max-video-preview:-1"},"canonical":"https:\/\/bestgrillwood.eu\/sk\/zasady-ochrany-osobnych-udajov\/","og_locale":"sk_SK","og_type":"article","og_title":"Z\u00e1sady ochrany osobn\u00fdch \u00fadajov - GRILLWOOD","og_description":"Kto sme Adresa na\u0161ej webovej str\u00e1nky je: http:\/\/bestgrillwood.eu. Koment\u00e1re Ke\u010f n\u00e1v\u0161tevn\u00edk str\u00e1nky zanech\u00e1 koment\u00e1r, zbierame \u00fadaje zobrazen\u00e9 vo formul\u00e1ri pre koment\u00e1re, ako aj IP adresu n\u00e1v\u0161tevn\u00edka [\u2026]","og_url":"https:\/\/bestgrillwood.eu\/sk\/zasady-ochrany-osobnych-udajov\/","og_site_name":"GRILLWOOD","article_modified_time":"2024-04-26T13:58:07+00:00","twitter_card":"summary_large_image","twitter_misc":{"Predpokladan\u00fd \u010das \u010d\u00edtania":"4 min\u00faty"},"schema":{"@context":"https:\/\/schema.org","@graph":[{"@type":"WebPage","@id":"https:\/\/bestgrillwood.eu\/sk\/zasady-ochrany-osobnych-udajov\/","url":"https:\/\/bestgrillwood.eu\/sk\/zasady-ochrany-osobnych-udajov\/","name":"Z\u00e1sady ochrany osobn\u00fdch \u00fadajov - GRILLWOOD","isPartOf":{"@id":"https:\/\/bestgrillwood.eu\/sk\/#website"},"datePublished":"2024-02-14T01:35:21+00:00","dateModified":"2024-04-26T13:58:07+00:00","breadcrumb":{"@id":"https:\/\/bestgrillwood.eu\/sk\/zasady-ochrany-osobnych-udajov\/#breadcrumb"},"inLanguage":"sk-SK","potentialAction":[{"@type":"ReadAction","target":["https:\/\/bestgrillwood.eu\/sk\/zasady-ochrany-osobnych-udajov\/"]}]},{"@type":"BreadcrumbList","@id":"https:\/\/bestgrillwood.eu\/sk\/zasady-ochrany-osobnych-udajov\/#breadcrumb","itemListElement":[{"@type":"ListItem","position":1,"name":"Strona g\u0142\u00f3wna","item":"https:\/\/bestgrillwood.eu\/sk\/"},{"@type":"ListItem","position":2,"name":"Z\u00e1sady ochrany osobn\u00fdch \u00fadajov"}]},{"@type":"WebSite","@id":"https:\/\/bestgrillwood.eu\/sk\/#website","url":"https:\/\/bestgrillwood.eu\/sk\/","name":"GRILLWOOD","description":"","potentialAction":[{"@type":"SearchAction","target":{"@type":"EntryPoint","urlTemplate":"https:\/\/bestgrillwood.eu\/sk\/?s={search_term_string}"},"query-input":"required name=search_term_string"}],"inLanguage":"sk-SK"}]}},"_links":{"self":[{"href":"https:\/\/bestgrillwood.eu\/sk\/wp-json\/wp\/v2\/pages\/434"}],"collection":[{"href":"https:\/\/bestgrillwood.eu\/sk\/wp-json\/wp\/v2\/pages"}],"about":[{"href":"https:\/\/bestgrillwood.eu\/sk\/wp-json\/wp\/v2\/types\/page"}],"author":[{"embeddable":true,"href":"https:\/\/bestgrillwood.eu\/sk\/wp-json\/wp\/v2\/users\/1"}],"replies":[{"embeddable":true,"href":"https:\/\/bestgrillwood.eu\/sk\/wp-json\/wp\/v2\/comments?post=434"}],"version-history":[{"count":2,"href":"https:\/\/bestgrillwood.eu\/sk\/wp-json\/wp\/v2\/pages\/434\/revisions"}],"predecessor-version":[{"id":478,"href":"https:\/\/bestgrillwood.eu\/sk\/wp-json\/wp\/v2\/pages\/434\/revisions\/478"}],"wp:attachment":[{"href":"https:\/\/bestgrillwood.eu\/sk\/wp-json\/wp\/v2\/media?parent=434"}],"curies":[{"name":"wp","href":"https:\/\/api.w.org\/{rel}","templated":true}]}}